{"id":68,"date":"2026-03-31T19:25:24","date_gmt":"2026-04-01T00:25:24","guid":{"rendered":"https:\/\/qroti.org\/?product=jeep-wrangler-electrico-doble-asiento-12v"},"modified":"2026-03-31T19:25:24","modified_gmt":"2026-04-01T00:25:24","slug":"jeep-wrangler-electrico-doble-asiento-12v","status":"publish","type":"product","link":"https:\/\/qroti.org\/?product=jeep-wrangler-electrico-doble-asiento-12v","title":{"rendered":"Jeep Wrangler El\u00e9ctrico Doble Asiento 12V"},"content":{"rendered":"<p>Jeep Wrangler el\u00e9ctrico para dos ni\u00f1os. Bater\u00eda 12V. Doble motor. Control remoto 2.4G. Suspensi\u00f3n, luces, USB y Bluetooth. Velocidad: 5km\/h. Edad: 3-8 a\u00f1os.<\/p>\n","protected":false},"excerpt":{"rendered":"<p>Jeep doble asiento 12V. Control 2.4G. Bluetooth, suspensi\u00f3n y LED.<\/p>\n","protected":false},"featured_media":0,"comment_status":"open","ping_status":"closed","template":"","meta":[],"product_brand":[],"product_cat":[24],"product_tag":[],"class_list":{"0":"post-68","1":"product","2":"type-product","3":"status-publish","5":"product_cat-motos-vehiculos-grandes","7":"first","8":"instock","9":"taxable","10":"shipping-taxable","11":"purchasable","12":"product-type-simple"},"_links":{"self":[{"href":"https:\/\/qroti.org\/index.php?rest_route=\/wp\/v2\/product\/68","targetHints":{"allow":["GET"]}}],"collection":[{"href":"https:\/\/qroti.org\/index.php?rest_route=\/wp\/v2\/product"}],"about":[{"href":"https:\/\/qroti.org\/index.php?rest_route=\/wp\/v2\/types\/product"}],"replies":[{"embeddable":true,"href":"https:\/\/qroti.org\/index.php?rest_route=%2Fwp%2Fv2%2Fcomments&post=68"}],"wp:attachment":[{"href":"https:\/\/qroti.org\/index.php?rest_route=%2Fwp%2Fv2%2Fmedia&parent=68"}],"wp:term":[{"taxonomy":"product_brand","embeddable":true,"href":"https:\/\/qroti.org\/index.php?rest_route=%2Fwp%2Fv2%2Fproduct_brand&post=68"},{"taxonomy":"product_cat","embeddable":true,"href":"https:\/\/qroti.org\/index.php?rest_route=%2Fwp%2Fv2%2Fproduct_cat&post=68"},{"taxonomy":"product_tag","embeddable":true,"href":"https:\/\/qroti.org\/index.php?rest_route=%2Fwp%2Fv2%2Fproduct_tag&post=68"}],"curies":[{"name":"wp","href":"https:\/\/api.w.org\/{rel}","templated":true}]}}