{"id":66,"date":"2026-03-31T19:25:17","date_gmt":"2026-04-01T00:25:17","guid":{"rendered":"https:\/\/qroti.org\/?product=moto-electrica-kawasaki-para-ninos-6v"},"modified":"2026-03-31T19:25:17","modified_gmt":"2026-04-01T00:25:17","slug":"moto-electrica-kawasaki-para-ninos-6v","status":"publish","type":"product","link":"https:\/\/qroti.org\/?product=moto-electrica-kawasaki-para-ninos-6v","title":{"rendered":"Moto El\u00e9ctrica Kawasaki para Ni\u00f1os 6V"},"content":{"rendered":"<p>Moto el\u00e9ctrica con dise\u00f1o Kawasaki. Bater\u00eda 6V recargable. Velocidad m\u00e1x 3km\/h. Sonidos de motor y luces. Ruedas de entrenamiento laterales. Edad: 2-5 a\u00f1os.<\/p>\n","protected":false},"excerpt":{"rendered":"<p>Moto el\u00e9ctrica Kawasaki 6V. 3km\/h. Luces y sonidos. Ruedas laterales.<\/p>\n","protected":false},"featured_media":0,"comment_status":"open","ping_status":"closed","template":"","meta":[],"product_brand":[],"product_cat":[24],"product_tag":[],"class_list":{"0":"post-66","1":"product","2":"type-product","3":"status-publish","5":"product_cat-motos-vehiculos-grandes","7":"first","8":"instock","9":"taxable","10":"shipping-taxable","11":"purchasable","12":"product-type-simple"},"_links":{"self":[{"href":"https:\/\/qroti.org\/index.php?rest_route=\/wp\/v2\/product\/66","targetHints":{"allow":["GET"]}}],"collection":[{"href":"https:\/\/qroti.org\/index.php?rest_route=\/wp\/v2\/product"}],"about":[{"href":"https:\/\/qroti.org\/index.php?rest_route=\/wp\/v2\/types\/product"}],"replies":[{"embeddable":true,"href":"https:\/\/qroti.org\/index.php?rest_route=%2Fwp%2Fv2%2Fcomments&post=66"}],"wp:attachment":[{"href":"https:\/\/qroti.org\/index.php?rest_route=%2Fwp%2Fv2%2Fmedia&parent=66"}],"wp:term":[{"taxonomy":"product_brand","embeddable":true,"href":"https:\/\/qroti.org\/index.php?rest_route=%2Fwp%2Fv2%2Fproduct_brand&post=66"},{"taxonomy":"product_cat","embeddable":true,"href":"https:\/\/qroti.org\/index.php?rest_route=%2Fwp%2Fv2%2Fproduct_cat&post=66"},{"taxonomy":"product_tag","embeddable":true,"href":"https:\/\/qroti.org\/index.php?rest_route=%2Fwp%2Fv2%2Fproduct_tag&post=66"}],"curies":[{"name":"wp","href":"https:\/\/api.w.org\/{rel}","templated":true}]}}