{"id":65,"date":"2026-03-31T19:25:14","date_gmt":"2026-04-01T00:25:14","guid":{"rendered":"https:\/\/qroti.org\/?product=auto-electrico-bmw-x5-para-ninos-12v"},"modified":"2026-03-31T19:25:14","modified_gmt":"2026-04-01T00:25:14","slug":"auto-electrico-bmw-x5-para-ninos-12v","status":"publish","type":"product","link":"https:\/\/qroti.org\/?product=auto-electrico-bmw-x5-para-ninos-12v","title":{"rendered":"Auto El\u00e9ctrico BMW X5 para Ni\u00f1os 12V"},"content":{"rendered":"<p>Auto el\u00e9ctrico BMW X5 con licencia oficial. Motor 12V. Mando a distancia para padres. Asiento de cuero, luces LED, USB y MP3. Velocidad: 3-6 km\/h. Edad: 3-8 a\u00f1os.<\/p>\n","protected":false},"excerpt":{"rendered":"<p>BMW X5 el\u00e9ctrico 12V. Control remoto. Cuero, LED, USB\/MP3. 3-8 a\u00f1os.<\/p>\n","protected":false},"featured_media":0,"comment_status":"open","ping_status":"closed","template":"","meta":[],"product_brand":[],"product_cat":[24],"product_tag":[],"class_list":{"0":"post-65","1":"product","2":"type-product","3":"status-publish","5":"product_cat-motos-vehiculos-grandes","7":"first","8":"instock","9":"taxable","10":"shipping-taxable","11":"purchasable","12":"product-type-simple"},"_links":{"self":[{"href":"https:\/\/qroti.org\/index.php?rest_route=\/wp\/v2\/product\/65","targetHints":{"allow":["GET"]}}],"collection":[{"href":"https:\/\/qroti.org\/index.php?rest_route=\/wp\/v2\/product"}],"about":[{"href":"https:\/\/qroti.org\/index.php?rest_route=\/wp\/v2\/types\/product"}],"replies":[{"embeddable":true,"href":"https:\/\/qroti.org\/index.php?rest_route=%2Fwp%2Fv2%2Fcomments&post=65"}],"wp:attachment":[{"href":"https:\/\/qroti.org\/index.php?rest_route=%2Fwp%2Fv2%2Fmedia&parent=65"}],"wp:term":[{"taxonomy":"product_brand","embeddable":true,"href":"https:\/\/qroti.org\/index.php?rest_route=%2Fwp%2Fv2%2Fproduct_brand&post=65"},{"taxonomy":"product_cat","embeddable":true,"href":"https:\/\/qroti.org\/index.php?rest_route=%2Fwp%2Fv2%2Fproduct_cat&post=65"},{"taxonomy":"product_tag","embeddable":true,"href":"https:\/\/qroti.org\/index.php?rest_route=%2Fwp%2Fv2%2Fproduct_tag&post=65"}],"curies":[{"name":"wp","href":"https:\/\/api.w.org\/{rel}","templated":true}]}}