{"id":59,"date":"2026-03-31T19:24:54","date_gmt":"2026-04-01T00:24:54","guid":{"rendered":"https:\/\/qroti.org\/?product=arco-futbol-porteria-plegable-patio"},"modified":"2026-03-31T19:24:54","modified_gmt":"2026-04-01T00:24:54","slug":"arco-futbol-porteria-plegable-patio","status":"publish","type":"product","link":"https:\/\/qroti.org\/?product=arco-futbol-porteria-plegable-patio","title":{"rendered":"Arco F\u00fatbol Porter\u00eda Plegable Patio"},"content":{"rendered":"<p>Arco de f\u00fatbol plegable para patio o jard\u00edn. Marco de acero recubierto con malla de red. F\u00e1cil montaje sin herramientas. 120x80x60cm. Incluye estacas. Edad: 4+ a\u00f1os.<\/p>\n","protected":false},"excerpt":{"rendered":"<p>Porter\u00eda plegable 120x80cm. Marco acero con red. Sin herramientas.<\/p>\n","protected":false},"featured_media":0,"comment_status":"open","ping_status":"closed","template":"","meta":[],"product_brand":[],"product_cat":[22],"product_tag":[],"class_list":{"0":"post-59","1":"product","2":"type-product","3":"status-publish","5":"product_cat-juguetes-deportivos","7":"first","8":"instock","9":"taxable","10":"shipping-taxable","11":"purchasable","12":"product-type-simple"},"_links":{"self":[{"href":"https:\/\/qroti.org\/index.php?rest_route=\/wp\/v2\/product\/59","targetHints":{"allow":["GET"]}}],"collection":[{"href":"https:\/\/qroti.org\/index.php?rest_route=\/wp\/v2\/product"}],"about":[{"href":"https:\/\/qroti.org\/index.php?rest_route=\/wp\/v2\/types\/product"}],"replies":[{"embeddable":true,"href":"https:\/\/qroti.org\/index.php?rest_route=%2Fwp%2Fv2%2Fcomments&post=59"}],"wp:attachment":[{"href":"https:\/\/qroti.org\/index.php?rest_route=%2Fwp%2Fv2%2Fmedia&parent=59"}],"wp:term":[{"taxonomy":"product_brand","embeddable":true,"href":"https:\/\/qroti.org\/index.php?rest_route=%2Fwp%2Fv2%2Fproduct_brand&post=59"},{"taxonomy":"product_cat","embeddable":true,"href":"https:\/\/qroti.org\/index.php?rest_route=%2Fwp%2Fv2%2Fproduct_cat&post=59"},{"taxonomy":"product_tag","embeddable":true,"href":"https:\/\/qroti.org\/index.php?rest_route=%2Fwp%2Fv2%2Fproduct_tag&post=59"}],"curies":[{"name":"wp","href":"https:\/\/api.w.org\/{rel}","templated":true}]}}