{"id":57,"date":"2026-03-31T19:24:48","date_gmt":"2026-04-01T00:24:48","guid":{"rendered":"https:\/\/qroti.org\/?product=bicicleta-de-equilibrio-ninos-2-5-anos"},"modified":"2026-03-31T19:24:48","modified_gmt":"2026-04-01T00:24:48","slug":"bicicleta-de-equilibrio-ninos-2-5-anos","status":"publish","type":"product","link":"https:\/\/qroti.org\/?product=bicicleta-de-equilibrio-ninos-2-5-anos","title":{"rendered":"Bicicleta de Equilibrio Ni\u00f1os 2-5 a\u00f1os"},"content":{"rendered":"<p>Bicicleta de equilibrio sin pedales para aprender a montar. Estructura de aluminio ligero. Sill\u00edn y manillar ajustables. Peso: 3.2kg. Neum\u00e1ticos de espuma. Edad: 2-5 a\u00f1os.<\/p>\n","protected":false},"excerpt":{"rendered":"<p>Bici equilibrio sin pedales. Aluminio ligero. Sill\u00edn ajustable. 3.2kg.<\/p>\n","protected":false},"featured_media":0,"comment_status":"open","ping_status":"closed","template":"","meta":[],"product_brand":[],"product_cat":[22],"product_tag":[],"class_list":{"0":"post-57","1":"product","2":"type-product","3":"status-publish","5":"product_cat-juguetes-deportivos","7":"first","8":"instock","9":"taxable","10":"shipping-taxable","11":"purchasable","12":"product-type-simple"},"_links":{"self":[{"href":"https:\/\/qroti.org\/index.php?rest_route=\/wp\/v2\/product\/57","targetHints":{"allow":["GET"]}}],"collection":[{"href":"https:\/\/qroti.org\/index.php?rest_route=\/wp\/v2\/product"}],"about":[{"href":"https:\/\/qroti.org\/index.php?rest_route=\/wp\/v2\/types\/product"}],"replies":[{"embeddable":true,"href":"https:\/\/qroti.org\/index.php?rest_route=%2Fwp%2Fv2%2Fcomments&post=57"}],"wp:attachment":[{"href":"https:\/\/qroti.org\/index.php?rest_route=%2Fwp%2Fv2%2Fmedia&parent=57"}],"wp:term":[{"taxonomy":"product_brand","embeddable":true,"href":"https:\/\/qroti.org\/index.php?rest_route=%2Fwp%2Fv2%2Fproduct_brand&post=57"},{"taxonomy":"product_cat","embeddable":true,"href":"https:\/\/qroti.org\/index.php?rest_route=%2Fwp%2Fv2%2Fproduct_cat&post=57"},{"taxonomy":"product_tag","embeddable":true,"href":"https:\/\/qroti.org\/index.php?rest_route=%2Fwp%2Fv2%2Fproduct_tag&post=57"}],"curies":[{"name":"wp","href":"https:\/\/api.w.org\/{rel}","templated":true}]}}