{"id":56,"date":"2026-03-31T19:24:45","date_gmt":"2026-04-01T00:24:45","guid":{"rendered":"https:\/\/qroti.org\/?product=balon-futbol-n5-cuero-sintetico"},"modified":"2026-03-31T19:24:45","modified_gmt":"2026-04-01T00:24:45","slug":"balon-futbol-n5-cuero-sintetico","status":"publish","type":"product","link":"https:\/\/qroti.org\/?product=balon-futbol-n5-cuero-sintetico","title":{"rendered":"Bal\u00f3n F\u00fatbol N\u00b05 Cuero Sint\u00e9tico"},"content":{"rendered":"<p>Bal\u00f3n de f\u00fatbol oficial talla 5 de cuero sint\u00e9tico de alta calidad. Costura reforzada y c\u00e1mara de butilo. Apto para canchas de cesped y sint\u00e9tico. Edad: 6+ a\u00f1os.<\/p>\n","protected":false},"excerpt":{"rendered":"<p>Bal\u00f3n f\u00fatbol T5 cuero sint\u00e9tico. C\u00e1mara de butilo. Para todo tipo de cancha.<\/p>\n","protected":false},"featured_media":0,"comment_status":"open","ping_status":"closed","template":"","meta":[],"product_brand":[],"product_cat":[22],"product_tag":[],"class_list":{"0":"post-56","1":"product","2":"type-product","3":"status-publish","5":"product_cat-juguetes-deportivos","7":"first","8":"instock","9":"taxable","10":"shipping-taxable","11":"purchasable","12":"product-type-simple"},"_links":{"self":[{"href":"https:\/\/qroti.org\/index.php?rest_route=\/wp\/v2\/product\/56","targetHints":{"allow":["GET"]}}],"collection":[{"href":"https:\/\/qroti.org\/index.php?rest_route=\/wp\/v2\/product"}],"about":[{"href":"https:\/\/qroti.org\/index.php?rest_route=\/wp\/v2\/types\/product"}],"replies":[{"embeddable":true,"href":"https:\/\/qroti.org\/index.php?rest_route=%2Fwp%2Fv2%2Fcomments&post=56"}],"wp:attachment":[{"href":"https:\/\/qroti.org\/index.php?rest_route=%2Fwp%2Fv2%2Fmedia&parent=56"}],"wp:term":[{"taxonomy":"product_brand","embeddable":true,"href":"https:\/\/qroti.org\/index.php?rest_route=%2Fwp%2Fv2%2Fproduct_brand&post=56"},{"taxonomy":"product_cat","embeddable":true,"href":"https:\/\/qroti.org\/index.php?rest_route=%2Fwp%2Fv2%2Fproduct_cat&post=56"},{"taxonomy":"product_tag","embeddable":true,"href":"https:\/\/qroti.org\/index.php?rest_route=%2Fwp%2Fv2%2Fproduct_tag&post=56"}],"curies":[{"name":"wp","href":"https:\/\/api.w.org\/{rel}","templated":true}]}}