{"id":55,"date":"2026-03-31T19:24:42","date_gmt":"2026-04-01T00:24:42","guid":{"rendered":"https:\/\/qroti.org\/?product=patineta-skate-profesional-madera-7-capas"},"modified":"2026-03-31T19:24:42","modified_gmt":"2026-04-01T00:24:42","slug":"patineta-skate-profesional-madera-7-capas","status":"publish","type":"product","link":"https:\/\/qroti.org\/?product=patineta-skate-profesional-madera-7-capas","title":{"rendered":"Patineta Skate Profesional Madera 7 Capas"},"content":{"rendered":"<p>Patineta profesional de madera de arce canadiense de 7 capas. Ruedas de 52mm. Rodamientos ABEC-7. Dise\u00f1o gr\u00e1fico exclusivo. Peso m\u00e1ximo: 100kg. Edad: 8+ a\u00f1os.<\/p>\n","protected":false},"excerpt":{"rendered":"<p>Madera arce canadiense 7 capas. Ruedas 52mm. Rodamientos ABEC-7.<\/p>\n","protected":false},"featured_media":0,"comment_status":"open","ping_status":"closed","template":"","meta":[],"product_brand":[],"product_cat":[22],"product_tag":[],"class_list":{"0":"post-55","1":"product","2":"type-product","3":"status-publish","5":"product_cat-juguetes-deportivos","7":"first","8":"instock","9":"taxable","10":"shipping-taxable","11":"purchasable","12":"product-type-simple"},"_links":{"self":[{"href":"https:\/\/qroti.org\/index.php?rest_route=\/wp\/v2\/product\/55","targetHints":{"allow":["GET"]}}],"collection":[{"href":"https:\/\/qroti.org\/index.php?rest_route=\/wp\/v2\/product"}],"about":[{"href":"https:\/\/qroti.org\/index.php?rest_route=\/wp\/v2\/types\/product"}],"replies":[{"embeddable":true,"href":"https:\/\/qroti.org\/index.php?rest_route=%2Fwp%2Fv2%2Fcomments&post=55"}],"wp:attachment":[{"href":"https:\/\/qroti.org\/index.php?rest_route=%2Fwp%2Fv2%2Fmedia&parent=55"}],"wp:term":[{"taxonomy":"product_brand","embeddable":true,"href":"https:\/\/qroti.org\/index.php?rest_route=%2Fwp%2Fv2%2Fproduct_brand&post=55"},{"taxonomy":"product_cat","embeddable":true,"href":"https:\/\/qroti.org\/index.php?rest_route=%2Fwp%2Fv2%2Fproduct_cat&post=55"},{"taxonomy":"product_tag","embeddable":true,"href":"https:\/\/qroti.org\/index.php?rest_route=%2Fwp%2Fv2%2Fproduct_tag&post=55"}],"curies":[{"name":"wp","href":"https:\/\/api.w.org\/{rel}","templated":true}]}}