{"id":46,"date":"2026-03-31T19:24:13","date_gmt":"2026-04-01T00:24:13","guid":{"rendered":"https:\/\/qroti.org\/?product=scrabble-espanol-juego-de-palabras"},"modified":"2026-03-31T19:24:13","modified_gmt":"2026-04-01T00:24:13","slug":"scrabble-espanol-juego-de-palabras","status":"publish","type":"product","link":"https:\/\/qroti.org\/?product=scrabble-espanol-juego-de-palabras","title":{"rendered":"Scrabble Espa\u00f1ol Juego de Palabras"},"content":{"rendered":"<p>Scrabble en espa\u00f1ol con 100 fichas de letras, tablero giratorio y accesorios completos. Desarrolla vocabulario y habilidades ling\u00fc\u00edsticas. Para 2-4 jugadores. Edad: 10+ a\u00f1os.<\/p>\n","protected":false},"excerpt":{"rendered":"<p>Scrabble en espa\u00f1ol. Tablero giratorio. 100 fichas. Para 2-4 jugadores.<\/p>\n","protected":false},"featured_media":0,"comment_status":"open","ping_status":"closed","template":"","meta":[],"product_brand":[],"product_cat":[20],"product_tag":[],"class_list":{"0":"post-46","1":"product","2":"type-product","3":"status-publish","5":"product_cat-juegos-de-mesa","7":"first","8":"instock","9":"taxable","10":"shipping-taxable","11":"purchasable","12":"product-type-simple"},"_links":{"self":[{"href":"https:\/\/qroti.org\/index.php?rest_route=\/wp\/v2\/product\/46","targetHints":{"allow":["GET"]}}],"collection":[{"href":"https:\/\/qroti.org\/index.php?rest_route=\/wp\/v2\/product"}],"about":[{"href":"https:\/\/qroti.org\/index.php?rest_route=\/wp\/v2\/types\/product"}],"replies":[{"embeddable":true,"href":"https:\/\/qroti.org\/index.php?rest_route=%2Fwp%2Fv2%2Fcomments&post=46"}],"wp:attachment":[{"href":"https:\/\/qroti.org\/index.php?rest_route=%2Fwp%2Fv2%2Fmedia&parent=46"}],"wp:term":[{"taxonomy":"product_brand","embeddable":true,"href":"https:\/\/qroti.org\/index.php?rest_route=%2Fwp%2Fv2%2Fproduct_brand&post=46"},{"taxonomy":"product_cat","embeddable":true,"href":"https:\/\/qroti.org\/index.php?rest_route=%2Fwp%2Fv2%2Fproduct_cat&post=46"},{"taxonomy":"product_tag","embeddable":true,"href":"https:\/\/qroti.org\/index.php?rest_route=%2Fwp%2Fv2%2Fproduct_tag&post=46"}],"curies":[{"name":"wp","href":"https:\/\/api.w.org\/{rel}","templated":true}]}}