{"id":44,"date":"2026-03-31T19:24:07","date_gmt":"2026-04-01T00:24:07","guid":{"rendered":"https:\/\/qroti.org\/?product=monopolio-colombia-edicion-especial"},"modified":"2026-03-31T19:24:07","modified_gmt":"2026-04-01T00:24:07","slug":"monopolio-colombia-edicion-especial","status":"publish","type":"product","link":"https:\/\/qroti.org\/?product=monopolio-colombia-edicion-especial","title":{"rendered":"Monopolio Colombia Edici\u00f3n Especial"},"content":{"rendered":"<p>Monopolio con ciudades y propiedades de Colombia. Incluye fichas tem\u00e1ticas, billetes de pesos colombianos y tarjetas de chance nacionales. Para 2-6 jugadores. Edad: 8+ a\u00f1os.<\/p>\n","protected":false},"excerpt":{"rendered":"<p>Monopolio con ciudades colombianas. Billetes COP. Para 2-6 jugadores.<\/p>\n","protected":false},"featured_media":0,"comment_status":"open","ping_status":"closed","template":"","meta":[],"product_brand":[],"product_cat":[20],"product_tag":[],"class_list":{"0":"post-44","1":"product","2":"type-product","3":"status-publish","5":"product_cat-juegos-de-mesa","7":"first","8":"instock","9":"taxable","10":"shipping-taxable","11":"purchasable","12":"product-type-simple"},"_links":{"self":[{"href":"https:\/\/qroti.org\/index.php?rest_route=\/wp\/v2\/product\/44","targetHints":{"allow":["GET"]}}],"collection":[{"href":"https:\/\/qroti.org\/index.php?rest_route=\/wp\/v2\/product"}],"about":[{"href":"https:\/\/qroti.org\/index.php?rest_route=\/wp\/v2\/types\/product"}],"replies":[{"embeddable":true,"href":"https:\/\/qroti.org\/index.php?rest_route=%2Fwp%2Fv2%2Fcomments&post=44"}],"wp:attachment":[{"href":"https:\/\/qroti.org\/index.php?rest_route=%2Fwp%2Fv2%2Fmedia&parent=44"}],"wp:term":[{"taxonomy":"product_brand","embeddable":true,"href":"https:\/\/qroti.org\/index.php?rest_route=%2Fwp%2Fv2%2Fproduct_brand&post=44"},{"taxonomy":"product_cat","embeddable":true,"href":"https:\/\/qroti.org\/index.php?rest_route=%2Fwp%2Fv2%2Fproduct_cat&post=44"},{"taxonomy":"product_tag","embeddable":true,"href":"https:\/\/qroti.org\/index.php?rest_route=%2Fwp%2Fv2%2Fproduct_tag&post=44"}],"curies":[{"name":"wp","href":"https:\/\/api.w.org\/{rel}","templated":true}]}}