{"id":41,"date":"2026-03-31T19:23:57","date_gmt":"2026-04-01T00:23:57","guid":{"rendered":"https:\/\/qroti.org\/?product=casa-de-munecas-madera-3-pisos"},"modified":"2026-03-31T19:23:57","modified_gmt":"2026-04-01T00:23:57","slug":"casa-de-munecas-madera-3-pisos","status":"publish","type":"product","link":"https:\/\/qroti.org\/?product=casa-de-munecas-madera-3-pisos","title":{"rendered":"Casa de Mu\u00f1ecas Madera 3 Pisos"},"content":{"rendered":"<p>Casa de mu\u00f1ecas de madera natural con 3 pisos, 6 habitaciones amobladas y 8 mu\u00f1ecos incluidos. Escala 1:12. Puerta y ventanas funcionales. Edad: 4+ a\u00f1os.<\/p>\n","protected":false},"excerpt":{"rendered":"<p>Casa 3 pisos con 6 habitaciones amobladas y 8 mu\u00f1ecos incluidos.<\/p>\n","protected":false},"featured_media":0,"comment_status":"open","ping_status":"closed","template":"","meta":[],"product_brand":[],"product_cat":[19],"product_tag":[],"class_list":{"0":"post-41","1":"product","2":"type-product","3":"status-publish","5":"product_cat-munecas-peluches","7":"first","8":"instock","9":"taxable","10":"shipping-taxable","11":"purchasable","12":"product-type-simple"},"_links":{"self":[{"href":"https:\/\/qroti.org\/index.php?rest_route=\/wp\/v2\/product\/41","targetHints":{"allow":["GET"]}}],"collection":[{"href":"https:\/\/qroti.org\/index.php?rest_route=\/wp\/v2\/product"}],"about":[{"href":"https:\/\/qroti.org\/index.php?rest_route=\/wp\/v2\/types\/product"}],"replies":[{"embeddable":true,"href":"https:\/\/qroti.org\/index.php?rest_route=%2Fwp%2Fv2%2Fcomments&post=41"}],"wp:attachment":[{"href":"https:\/\/qroti.org\/index.php?rest_route=%2Fwp%2Fv2%2Fmedia&parent=41"}],"wp:term":[{"taxonomy":"product_brand","embeddable":true,"href":"https:\/\/qroti.org\/index.php?rest_route=%2Fwp%2Fv2%2Fproduct_brand&post=41"},{"taxonomy":"product_cat","embeddable":true,"href":"https:\/\/qroti.org\/index.php?rest_route=%2Fwp%2Fv2%2Fproduct_cat&post=41"},{"taxonomy":"product_tag","embeddable":true,"href":"https:\/\/qroti.org\/index.php?rest_route=%2Fwp%2Fv2%2Fproduct_tag&post=41"}],"curies":[{"name":"wp","href":"https:\/\/api.w.org\/{rel}","templated":true}]}}