{"id":40,"date":"2026-03-31T19:23:54","date_gmt":"2026-04-01T00:23:54","guid":{"rendered":"https:\/\/qroti.org\/?product=unicornio-peluche-con-luz-led-50cm"},"modified":"2026-03-31T19:23:54","modified_gmt":"2026-04-01T00:23:54","slug":"unicornio-peluche-con-luz-led-50cm","status":"publish","type":"product","link":"https:\/\/qroti.org\/?product=unicornio-peluche-con-luz-led-50cm","title":{"rendered":"Unicornio Peluche con Luz LED 50cm"},"content":{"rendered":"<p>Peluche de unicornio m\u00e1gico de 50cm con cuerno y melena brillante que ilumina con luces LED de colores. Suave y acolchado. Bater\u00eda USB. Edad: 3+ a\u00f1os.<\/p>\n","protected":false},"excerpt":{"rendered":"<p>Unicornio 50cm con luces LED. Melena brillante. Bater\u00eda USB.<\/p>\n","protected":false},"featured_media":0,"comment_status":"open","ping_status":"closed","template":"","meta":[],"product_brand":[],"product_cat":[19],"product_tag":[],"class_list":{"0":"post-40","1":"product","2":"type-product","3":"status-publish","5":"product_cat-munecas-peluches","7":"first","8":"instock","9":"taxable","10":"shipping-taxable","11":"purchasable","12":"product-type-simple"},"_links":{"self":[{"href":"https:\/\/qroti.org\/index.php?rest_route=\/wp\/v2\/product\/40","targetHints":{"allow":["GET"]}}],"collection":[{"href":"https:\/\/qroti.org\/index.php?rest_route=\/wp\/v2\/product"}],"about":[{"href":"https:\/\/qroti.org\/index.php?rest_route=\/wp\/v2\/types\/product"}],"replies":[{"embeddable":true,"href":"https:\/\/qroti.org\/index.php?rest_route=%2Fwp%2Fv2%2Fcomments&post=40"}],"wp:attachment":[{"href":"https:\/\/qroti.org\/index.php?rest_route=%2Fwp%2Fv2%2Fmedia&parent=40"}],"wp:term":[{"taxonomy":"product_brand","embeddable":true,"href":"https:\/\/qroti.org\/index.php?rest_route=%2Fwp%2Fv2%2Fproduct_brand&post=40"},{"taxonomy":"product_cat","embeddable":true,"href":"https:\/\/qroti.org\/index.php?rest_route=%2Fwp%2Fv2%2Fproduct_cat&post=40"},{"taxonomy":"product_tag","embeddable":true,"href":"https:\/\/qroti.org\/index.php?rest_route=%2Fwp%2Fv2%2Fproduct_tag&post=40"}],"curies":[{"name":"wp","href":"https:\/\/api.w.org\/{rel}","templated":true}]}}