{"id":38,"date":"2026-03-31T19:23:48","date_gmt":"2026-04-01T00:23:48","guid":{"rendered":"https:\/\/qroti.org\/?product=peluche-osito-teddy-bear-40cm-premium"},"modified":"2026-03-31T19:23:48","modified_gmt":"2026-04-01T00:23:48","slug":"peluche-osito-teddy-bear-40cm-premium","status":"publish","type":"product","link":"https:\/\/qroti.org\/?product=peluche-osito-teddy-bear-40cm-premium","title":{"rendered":"Peluche Osito Teddy Bear 40cm Premium"},"content":{"rendered":"<p>Oso de peluche premium de 40cm, ultra suave y esponjoso. Relleno de fibra hipoalerg\u00e9nica. Apto para beb\u00e9s desde el nacimiento. Lavable a m\u00e1quina.<\/p>\n","protected":false},"excerpt":{"rendered":"<p>Osito 40cm ultra suave. Relleno hipoalerg\u00e9nico. Lavable a m\u00e1quina.<\/p>\n","protected":false},"featured_media":0,"comment_status":"open","ping_status":"closed","template":"","meta":[],"product_brand":[],"product_cat":[19],"product_tag":[],"class_list":{"0":"post-38","1":"product","2":"type-product","3":"status-publish","5":"product_cat-munecas-peluches","7":"first","8":"instock","9":"taxable","10":"shipping-taxable","11":"purchasable","12":"product-type-simple"},"_links":{"self":[{"href":"https:\/\/qroti.org\/index.php?rest_route=\/wp\/v2\/product\/38","targetHints":{"allow":["GET"]}}],"collection":[{"href":"https:\/\/qroti.org\/index.php?rest_route=\/wp\/v2\/product"}],"about":[{"href":"https:\/\/qroti.org\/index.php?rest_route=\/wp\/v2\/types\/product"}],"replies":[{"embeddable":true,"href":"https:\/\/qroti.org\/index.php?rest_route=%2Fwp%2Fv2%2Fcomments&post=38"}],"wp:attachment":[{"href":"https:\/\/qroti.org\/index.php?rest_route=%2Fwp%2Fv2%2Fmedia&parent=38"}],"wp:term":[{"taxonomy":"product_brand","embeddable":true,"href":"https:\/\/qroti.org\/index.php?rest_route=%2Fwp%2Fv2%2Fproduct_brand&post=38"},{"taxonomy":"product_cat","embeddable":true,"href":"https:\/\/qroti.org\/index.php?rest_route=%2Fwp%2Fv2%2Fproduct_cat&post=38"},{"taxonomy":"product_tag","embeddable":true,"href":"https:\/\/qroti.org\/index.php?rest_route=%2Fwp%2Fv2%2Fproduct_tag&post=38"}],"curies":[{"name":"wp","href":"https:\/\/api.w.org\/{rel}","templated":true}]}}