{"id":36,"date":"2026-03-31T19:23:41","date_gmt":"2026-04-01T00:23:41","guid":{"rendered":"https:\/\/qroti.org\/?product=camion-monstruo-monster-truck-4x4"},"modified":"2026-03-31T19:23:41","modified_gmt":"2026-04-01T00:23:41","slug":"camion-monstruo-monster-truck-4x4","status":"publish","type":"product","link":"https:\/\/qroti.org\/?product=camion-monstruo-monster-truck-4x4","title":{"rendered":"Cami\u00f3n Monstruo Monster Truck 4&#215;4"},"content":{"rendered":"<p>Monster Truck gigante de 25cm con ruedas grandes de hule y suspensi\u00f3n funcional. Resistente a golpes y ca\u00eddas. Colores llamativos. Incluye accesorios. Edad: 3+ a\u00f1os.<\/p>\n","protected":false},"excerpt":{"rendered":"<p>Monster Truck 25cm con suspensi\u00f3n. Ruedas de hule. Resistente a golpes.<\/p>\n","protected":false},"featured_media":0,"comment_status":"open","ping_status":"closed","template":"","meta":[],"product_brand":[],"product_cat":[18],"product_tag":[],"class_list":{"0":"post-36","1":"product","2":"type-product","3":"status-publish","5":"product_cat-juguetes-accion","7":"first","8":"instock","9":"taxable","10":"shipping-taxable","11":"purchasable","12":"product-type-simple"},"_links":{"self":[{"href":"https:\/\/qroti.org\/index.php?rest_route=\/wp\/v2\/product\/36","targetHints":{"allow":["GET"]}}],"collection":[{"href":"https:\/\/qroti.org\/index.php?rest_route=\/wp\/v2\/product"}],"about":[{"href":"https:\/\/qroti.org\/index.php?rest_route=\/wp\/v2\/types\/product"}],"replies":[{"embeddable":true,"href":"https:\/\/qroti.org\/index.php?rest_route=%2Fwp%2Fv2%2Fcomments&post=36"}],"wp:attachment":[{"href":"https:\/\/qroti.org\/index.php?rest_route=%2Fwp%2Fv2%2Fmedia&parent=36"}],"wp:term":[{"taxonomy":"product_brand","embeddable":true,"href":"https:\/\/qroti.org\/index.php?rest_route=%2Fwp%2Fv2%2Fproduct_brand&post=36"},{"taxonomy":"product_cat","embeddable":true,"href":"https:\/\/qroti.org\/index.php?rest_route=%2Fwp%2Fv2%2Fproduct_cat&post=36"},{"taxonomy":"product_tag","embeddable":true,"href":"https:\/\/qroti.org\/index.php?rest_route=%2Fwp%2Fv2%2Fproduct_tag&post=36"}],"curies":[{"name":"wp","href":"https:\/\/api.w.org\/{rel}","templated":true}]}}