{"id":33,"date":"2026-03-31T19:23:32","date_gmt":"2026-04-01T00:23:32","guid":{"rendered":"https:\/\/qroti.org\/?product=set-figuras-avengers-5-personajes"},"modified":"2026-03-31T19:23:32","modified_gmt":"2026-04-01T00:23:32","slug":"set-figuras-avengers-5-personajes","status":"publish","type":"product","link":"https:\/\/qroti.org\/?product=set-figuras-avengers-5-personajes","title":{"rendered":"Set Figuras Avengers 5 Personajes"},"content":{"rendered":"<p>Set de 5 figuras articuladas de Los Vengadores: Iron Man, Capit\u00e1n Am\u00e9rica, Thor, Hulk y Black Widow. Escala 15cm. Accesorios incluidos. Edad: 4+ a\u00f1os.<\/p>\n","protected":false},"excerpt":{"rendered":"<p>5 figuras Avengers 15cm. Iron Man, Capit\u00e1n Am\u00e9rica, Thor, Hulk y Black Widow.<\/p>\n","protected":false},"featured_media":0,"comment_status":"open","ping_status":"closed","template":"","meta":[],"product_brand":[],"product_cat":[18],"product_tag":[],"class_list":{"0":"post-33","1":"product","2":"type-product","3":"status-publish","5":"product_cat-juguetes-accion","7":"first","8":"instock","9":"taxable","10":"shipping-taxable","11":"purchasable","12":"product-type-simple"},"_links":{"self":[{"href":"https:\/\/qroti.org\/index.php?rest_route=\/wp\/v2\/product\/33","targetHints":{"allow":["GET"]}}],"collection":[{"href":"https:\/\/qroti.org\/index.php?rest_route=\/wp\/v2\/product"}],"about":[{"href":"https:\/\/qroti.org\/index.php?rest_route=\/wp\/v2\/types\/product"}],"replies":[{"embeddable":true,"href":"https:\/\/qroti.org\/index.php?rest_route=%2Fwp%2Fv2%2Fcomments&post=33"}],"wp:attachment":[{"href":"https:\/\/qroti.org\/index.php?rest_route=%2Fwp%2Fv2%2Fmedia&parent=33"}],"wp:term":[{"taxonomy":"product_brand","embeddable":true,"href":"https:\/\/qroti.org\/index.php?rest_route=%2Fwp%2Fv2%2Fproduct_brand&post=33"},{"taxonomy":"product_cat","embeddable":true,"href":"https:\/\/qroti.org\/index.php?rest_route=%2Fwp%2Fv2%2Fproduct_cat&post=33"},{"taxonomy":"product_tag","embeddable":true,"href":"https:\/\/qroti.org\/index.php?rest_route=%2Fwp%2Fv2%2Fproduct_tag&post=33"}],"curies":[{"name":"wp","href":"https:\/\/api.w.org\/{rel}","templated":true}]}}