{"id":32,"date":"2026-03-31T19:23:28","date_gmt":"2026-04-01T00:23:28","guid":{"rendered":"https:\/\/qroti.org\/?product=pista-de-carreras-hot-wheels-loop-doble"},"modified":"2026-03-31T19:23:28","modified_gmt":"2026-04-01T00:23:28","slug":"pista-de-carreras-hot-wheels-loop-doble","status":"publish","type":"product","link":"https:\/\/qroti.org\/?product=pista-de-carreras-hot-wheels-loop-doble","title":{"rendered":"Pista de Carreras Hot Wheels Loop Doble"},"content":{"rendered":"<p>Pista de carreras con doble loop y saltos extremos. Incluye 2 veh\u00edculos Hot Wheels. F\u00e1cil montaje y compatible con todos los carros Hot Wheels. M\u00e1s de 1.5m de recorrido.<\/p>\n","protected":false},"excerpt":{"rendered":"<p>Pista doble loop 1.5m. Incluye 2 carros. Compatible con todos los Hot Wheels.<\/p>\n","protected":false},"featured_media":0,"comment_status":"open","ping_status":"closed","template":"","meta":[],"product_brand":[],"product_cat":[18],"product_tag":[],"class_list":{"0":"post-32","1":"product","2":"type-product","3":"status-publish","5":"product_cat-juguetes-accion","7":"first","8":"instock","9":"taxable","10":"shipping-taxable","11":"purchasable","12":"product-type-simple"},"_links":{"self":[{"href":"https:\/\/qroti.org\/index.php?rest_route=\/wp\/v2\/product\/32","targetHints":{"allow":["GET"]}}],"collection":[{"href":"https:\/\/qroti.org\/index.php?rest_route=\/wp\/v2\/product"}],"about":[{"href":"https:\/\/qroti.org\/index.php?rest_route=\/wp\/v2\/types\/product"}],"replies":[{"embeddable":true,"href":"https:\/\/qroti.org\/index.php?rest_route=%2Fwp%2Fv2%2Fcomments&post=32"}],"wp:attachment":[{"href":"https:\/\/qroti.org\/index.php?rest_route=%2Fwp%2Fv2%2Fmedia&parent=32"}],"wp:term":[{"taxonomy":"product_brand","embeddable":true,"href":"https:\/\/qroti.org\/index.php?rest_route=%2Fwp%2Fv2%2Fproduct_brand&post=32"},{"taxonomy":"product_cat","embeddable":true,"href":"https:\/\/qroti.org\/index.php?rest_route=%2Fwp%2Fv2%2Fproduct_cat&post=32"},{"taxonomy":"product_tag","embeddable":true,"href":"https:\/\/qroti.org\/index.php?rest_route=%2Fwp%2Fv2%2Fproduct_tag&post=32"}],"curies":[{"name":"wp","href":"https:\/\/api.w.org\/{rel}","templated":true}]}}