{"id":25,"date":"2026-03-31T19:23:06","date_gmt":"2026-04-01T00:23:06","guid":{"rendered":"https:\/\/qroti.org\/?product=kit-robotica-programable-para-ninos"},"modified":"2026-03-31T19:23:06","modified_gmt":"2026-04-01T00:23:06","slug":"kit-robotica-programable-para-ninos","status":"publish","type":"product","link":"https:\/\/qroti.org\/?product=kit-robotica-programable-para-ninos","title":{"rendered":"Kit Rob\u00f3tica Programable para Ni\u00f1os"},"content":{"rendered":"<p>Robot programable que ense\u00f1a conceptos de programaci\u00f3n y rob\u00f3tica. Compatible con aplicaci\u00f3n m\u00f3vil. Incluye sensores y piezas de construcci\u00f3n. Edad: 8-14 a\u00f1os.<\/p>\n","protected":false},"excerpt":{"rendered":"<p>Robot programable con app m\u00f3vil. Aprende rob\u00f3tica y programaci\u00f3n. Edad: 8-14 a\u00f1os.<\/p>\n","protected":false},"featured_media":0,"comment_status":"open","ping_status":"closed","template":"","meta":[],"product_brand":[],"product_cat":[17],"product_tag":[],"class_list":{"0":"post-25","1":"product","2":"type-product","3":"status-publish","5":"product_cat-juguetes-educativos","7":"first","8":"instock","9":"taxable","10":"shipping-taxable","11":"purchasable","12":"product-type-simple"},"_links":{"self":[{"href":"https:\/\/qroti.org\/index.php?rest_route=\/wp\/v2\/product\/25","targetHints":{"allow":["GET"]}}],"collection":[{"href":"https:\/\/qroti.org\/index.php?rest_route=\/wp\/v2\/product"}],"about":[{"href":"https:\/\/qroti.org\/index.php?rest_route=\/wp\/v2\/types\/product"}],"replies":[{"embeddable":true,"href":"https:\/\/qroti.org\/index.php?rest_route=%2Fwp%2Fv2%2Fcomments&post=25"}],"wp:attachment":[{"href":"https:\/\/qroti.org\/index.php?rest_route=%2Fwp%2Fv2%2Fmedia&parent=25"}],"wp:term":[{"taxonomy":"product_brand","embeddable":true,"href":"https:\/\/qroti.org\/index.php?rest_route=%2Fwp%2Fv2%2Fproduct_brand&post=25"},{"taxonomy":"product_cat","embeddable":true,"href":"https:\/\/qroti.org\/index.php?rest_route=%2Fwp%2Fv2%2Fproduct_cat&post=25"},{"taxonomy":"product_tag","embeddable":true,"href":"https:\/\/qroti.org\/index.php?rest_route=%2Fwp%2Fv2%2Fproduct_tag&post=25"}],"curies":[{"name":"wp","href":"https:\/\/api.w.org\/{rel}","templated":true}]}}