{"id":24,"date":"2026-03-31T19:23:02","date_gmt":"2026-04-01T00:23:02","guid":{"rendered":"https:\/\/qroti.org\/?product=bloques-de-construccion-magneticos-60-piezas"},"modified":"2026-03-31T19:23:02","modified_gmt":"2026-04-01T00:23:02","slug":"bloques-de-construccion-magneticos-60-piezas","status":"publish","type":"product","link":"https:\/\/qroti.org\/?product=bloques-de-construccion-magneticos-60-piezas","title":{"rendered":"Bloques de Construcci\u00f3n Magn\u00e9ticos 60 piezas"},"content":{"rendered":"<p>Set de 60 bloques magn\u00e9ticos de colores para construcciones 3D. Desarrolla habilidades matem\u00e1ticas, espaciales y creativas. Certificado ASTM para seguridad infantil.<\/p>\n","protected":false},"excerpt":{"rendered":"<p>60 bloques magn\u00e9ticos 3D. Desarrolla creatividad y habilidades STEM. Edad: 3+ a\u00f1os.<\/p>\n","protected":false},"featured_media":0,"comment_status":"open","ping_status":"closed","template":"","meta":[],"product_brand":[],"product_cat":[17],"product_tag":[],"class_list":{"0":"post-24","1":"product","2":"type-product","3":"status-publish","5":"product_cat-juguetes-educativos","7":"first","8":"instock","9":"taxable","10":"shipping-taxable","11":"purchasable","12":"product-type-simple"},"_links":{"self":[{"href":"https:\/\/qroti.org\/index.php?rest_route=\/wp\/v2\/product\/24","targetHints":{"allow":["GET"]}}],"collection":[{"href":"https:\/\/qroti.org\/index.php?rest_route=\/wp\/v2\/product"}],"about":[{"href":"https:\/\/qroti.org\/index.php?rest_route=\/wp\/v2\/types\/product"}],"replies":[{"embeddable":true,"href":"https:\/\/qroti.org\/index.php?rest_route=%2Fwp%2Fv2%2Fcomments&post=24"}],"wp:attachment":[{"href":"https:\/\/qroti.org\/index.php?rest_route=%2Fwp%2Fv2%2Fmedia&parent=24"}],"wp:term":[{"taxonomy":"product_brand","embeddable":true,"href":"https:\/\/qroti.org\/index.php?rest_route=%2Fwp%2Fv2%2Fproduct_brand&post=24"},{"taxonomy":"product_cat","embeddable":true,"href":"https:\/\/qroti.org\/index.php?rest_route=%2Fwp%2Fv2%2Fproduct_cat&post=24"},{"taxonomy":"product_tag","embeddable":true,"href":"https:\/\/qroti.org\/index.php?rest_route=%2Fwp%2Fv2%2Fproduct_tag&post=24"}],"curies":[{"name":"wp","href":"https:\/\/api.w.org\/{rel}","templated":true}]}}